{"id":407,"date":"2017-12-15T11:42:08","date_gmt":"2017-12-15T11:42:08","guid":{"rendered":"http:\/\/www.elmajadaldelasfrancas.com\/politica-de-cookies\/"},"modified":"2017-12-15T11:42:08","modified_gmt":"2017-12-15T11:42:08","slug":"politica-de-cookies","status":"publish","type":"page","link":"http:\/\/www.elmajadaldelasfrancas.com\/en\/politica-de-cookies\/","title":{"rendered":"Pol\u00edtica de cookies"},"content":{"rendered":"<section class=\"wpb-content-wrapper\">[vc_row][vc_column][vc_column_text css=&#8221;.vc_custom_1513338118156{margin-bottom: 0px !important;}&#8221;]\n<div class=\"copy\">\n<div class=\"twelve columns mb45\">\n<div class=\"gdl-page-content\">\n<p>Una <em>cookie<\/em> es un peque\u00f1o fichero de texto que se almacena en su navegador cuando visita casi cualquier p\u00e1gina web. Su utilidad es que la web sea capaz de recordar su visita cuando vuelva a navegar por esa p\u00e1gina. Las <em>cookies<\/em> suelen almacenar informaci\u00f3n de car\u00e1cter t\u00e9cnico, preferencias personales, personalizaci\u00f3n de contenidos, estad\u00edsticas de uso, enlaces a redes sociales, acceso a cuentas de usuario, etc. El objetivo de la <em>cookie<\/em> es adaptar el contenido de la web a su perfil y necesidades, sin <em>cookies<\/em> los servicios ofrecidos por cualquier p\u00e1gina se ver\u00edan mermados notablemente. Si desea consultar m\u00e1s informaci\u00f3n sobre qu\u00e9 son las <em>cookies<\/em>, qu\u00e9 almacenan, c\u00f3mo eliminarlas, desactivarlas, etc., <a href=\"http:\/\/www.docepublicidad.com\/politica-de-cookies-2\">le rogamos se dirija a este enlace.<\/a><\/p>\n<h2>Cookies utilizadas en este sitio web<\/h2>\n<p>Siguiendo las directrices de la Agencia Espa\u00f1ola de Protecci\u00f3n de Datos procedemos a detallar el uso de <em>cookies<\/em> que hace esta web con el fin de informarle con la m\u00e1xima exactitud posible.<\/p>\n<p>Este sitio web utiliza las siguientes <strong>cookies de terceros<\/strong>:<\/p>\n<ul>\n<li>Google Analytics: Almacena <em>cookies<\/em> para poder elaborar estad\u00edsticas sobre el tr\u00e1fico y volumen de visitas de esta web. Al utilizar este sitio web est\u00e1 consintiendo el tratamiento de informaci\u00f3n acerca de usted por Google. Por tanto, el ejercicio de cualquier derecho en este sentido deber\u00e1 hacerlo comunicando directamente con Google.<\/li>\n<li>Redes sociales: Cada red social utiliza sus propias <em>cookies<\/em> para que usted pueda pinchar en botones del tipo <em>Me gusta<\/em> o <em>Compartir<\/em>.<\/li>\n<\/ul>\n<h2>Desactivaci\u00f3n o eliminaci\u00f3n de cookies<\/h2>\n<p>Puedes permitir, bloquear o eliminar las cookies instaladas en su equipo mediante la configuraci\u00f3n de las opciones de tu navegador de Internet. En caso de que no permitas la instalaci\u00f3n de cookies en tu navegador es posible que no puedas acceder a algunos de los servicios y que tu experiencia en nuestra web pueda resultar menos satisfactoria.En los siguientes enlaces tienes a tu disposici\u00f3n toda la informaci\u00f3n para configurar o deshabilitar tus cookies en cada navegador:<\/p>\n<p class=\"bleeding1\">\u2013 <a title=\"Google Chrome\" href=\"https:\/\/support.google.com\/chrome\/answer\/95647?hl=es\" target=\"_blank\" rel=\"noopener\">Google Chrome<\/a><\/p>\n<p class=\"bleeding1\">\u2013 <a title=\"Mozilla Firefox\" href=\"https:\/\/support.mozilla.org\/es\/kb\/habilitar-y-deshabilitar-cookies-que-los-sitios-we\" target=\"_blank\" rel=\"noopener\">Mozilla Firefox<\/a><\/p>\n<p class=\"bleeding1\">\u2013 <a href=\"http:\/\/windows.microsoft.com\/es-es\/windows-vista\/block-or-allow-cookies\" target=\"_blank\" rel=\"noopener\">Internet Explorer<\/a><\/p>\n<p class=\"bleeding1\">\u2013 <a title=\"Safari\" href=\"http:\/\/support.apple.com\/kb\/ph5042?viewlocale=es_es\" target=\"_blank\" rel=\"noopener\">Safari<\/a><\/p>\n<p class=\"bleeding1\">\u2013 <a title=\"Safari para IOS (iPhone y iPad)\" href=\"http:\/\/support.apple.com\/kb\/ht1677?viewlocale=es_es\" target=\"_blank\" rel=\"noopener\">Safari para IOS (iPhone y iPad)<\/a><\/p>\n<p class=\"bleeding1\">\u2013 <a title=\"Chrome para Android\" href=\"https:\/\/support.google.com\/chrome\/answer\/2392971?hl=es\" target=\"_blank\" rel=\"noopener\">Chrome para Android<\/a><\/p>\n<h2>Notas adicionales<\/h2>\n<ul>\n<li>Ni esta web ni sus representantes legales se hacen responsables ni del contenido ni de la veracidad de las pol\u00edticas de privacidad que puedan tener los terceros mencionados en esta pol\u00edtica de <em>cookies<\/em>.<\/li>\n<li>Los navegadores web son las herramientas encargadas de almacenar las <em>cookies<\/em> y desde este lugar debe efectuar su derecho a eliminaci\u00f3n o desactivaci\u00f3n de las mismas. Ni esta web ni sus representantes legales pueden garantizar la correcta o incorrecta manipulaci\u00f3n de las <em>cookies<\/em> por parte de los mencionados navegadores.<\/li>\n<li>En algunos casos es necesario instalar <em>cookies<\/em> para que el navegador no olvide su decisi\u00f3n de no aceptaci\u00f3n de las mismas.<\/li>\n<li>En el caso de las <em>cookies<\/em> de Google Analytics, esta empresa almacena las <em>cookies<\/em> en servidores ubicados en Estados Unidos y se compromete a no compartirla con terceros, excepto en los casos en los que sea necesario para el funcionamiento del sistema o cuando la ley obligue a tal efecto. Seg\u00fan Google no guarda su direcci\u00f3n IP. Google Inc. es una compa\u00f1\u00eda adherida al Acuerdo de Puerto Seguro que garantiza que todos los datos transferidos ser\u00e1n tratados con un nivel de protecci\u00f3n acorde a la normativa europea. Puede consultar informaci\u00f3n detallada a este respecto <a href=\"http:\/\/safeharbor.export.gov\/companyinfo.aspx?id=16626\" target=\"_blank\" rel=\"noopener\">en este enlace<\/a>. Si desea informaci\u00f3n sobre el uso que Google da a las cookies <a href=\"https:\/\/developers.google.com\/analytics\/devguides\/collection\/analyticsjs\/cookie-usage?hl=es&amp;csw=1\" target=\"_blank\" rel=\"noopener\">le adjuntamos este otro enlace<\/a>.<\/li>\n<li>Para cualquier duda o consulta acerca de esta pol\u00edtica de <em>cookies<\/em> no dude en comunicarse con nosotros a trav\u00e9s de la secci\u00f3n de contacto.<\/li>\n<\/ul>\n<\/div>\n<\/div>\n<\/div>\n[\/vc_column_text][\/vc_column][\/vc_row]\n<\/section>","protected":false},"excerpt":{"rendered":"<p>[vc_row][vc_column][vc_column_text css=&#8221;.vc_custom_1513338118156{margin-bottom: 0px !important;}&#8221;] Una cookie es un peque\u00f1o fichero de texto que se almacena en su navegador cuando visita casi cualquier p\u00e1gina web. Su utilidad es que la web sea capaz de recordar su visita cuando vuelva a navegar por esa p\u00e1gina. Las cookies suelen almacenar informaci\u00f3n de car\u00e1cter t\u00e9cnico, preferencias personales, personalizaci\u00f3n de [&hellip;]<\/p>\n","protected":false},"author":1,"featured_media":0,"parent":0,"menu_order":0,"comment_status":"closed","ping_status":"closed","template":"","meta":{"footnotes":""},"yoast_head":"<!-- This site is optimized with the Yoast SEO plugin v20.13 - https:\/\/yoast.com\/wordpress\/plugins\/seo\/ -->\n<title>Pol\u00edtica de cookies - Finca Las Francas<\/title>\n<meta name=\"robots\" content=\"index, follow, max-snippet:-1, max-image-preview:large, max-video-preview:-1\" \/>\n<link rel=\"canonical\" href=\"http:\/\/www.elmajadaldelasfrancas.com\/politica-de-cookies\/\" \/>\n<meta property=\"og:locale\" content=\"en_US\" \/>\n<meta property=\"og:type\" content=\"article\" \/>\n<meta property=\"og:title\" content=\"Pol\u00edtica de cookies - Finca Las Francas\" \/>\n<meta property=\"og:description\" content=\"[vc_row][vc_column][vc_column_text css=&#8221;.vc_custom_1513338118156{margin-bottom: 0px !important;}&#8221;] Una cookie es un peque\u00f1o fichero de texto que se almacena en su navegador cuando visita casi cualquier p\u00e1gina web. Su utilidad es que la web sea capaz de recordar su visita cuando vuelva a navegar por esa p\u00e1gina. Las cookies suelen almacenar informaci\u00f3n de car\u00e1cter t\u00e9cnico, preferencias personales, personalizaci\u00f3n de [&hellip;]\" \/>\n<meta property=\"og:url\" content=\"http:\/\/www.elmajadaldelasfrancas.com\/politica-de-cookies\/\" \/>\n<meta property=\"og:site_name\" content=\"Finca Las Francas\" \/>\n<meta name=\"twitter:card\" content=\"summary_large_image\" \/>\n<meta name=\"twitter:label1\" content=\"Est. reading time\" \/>\n\t<meta name=\"twitter:data1\" content=\"3 minutes\" \/>\n<script type=\"application\/ld+json\" class=\"yoast-schema-graph\">{\"@context\":\"https:\/\/schema.org\",\"@graph\":[{\"@type\":\"WebPage\",\"@id\":\"http:\/\/www.elmajadaldelasfrancas.com\/politica-de-cookies\/\",\"url\":\"http:\/\/www.elmajadaldelasfrancas.com\/politica-de-cookies\/\",\"name\":\"Pol\u00edtica de cookies - Finca Las Francas\",\"isPartOf\":{\"@id\":\"http:\/\/www.elmajadaldelasfrancas.com\/#website\"},\"datePublished\":\"2017-12-15T11:42:08+00:00\",\"dateModified\":\"2017-12-15T11:42:08+00:00\",\"breadcrumb\":{\"@id\":\"http:\/\/www.elmajadaldelasfrancas.com\/politica-de-cookies\/#breadcrumb\"},\"inLanguage\":\"en-US\",\"potentialAction\":[{\"@type\":\"ReadAction\",\"target\":[\"http:\/\/www.elmajadaldelasfrancas.com\/politica-de-cookies\/\"]}]},{\"@type\":\"BreadcrumbList\",\"@id\":\"http:\/\/www.elmajadaldelasfrancas.com\/politica-de-cookies\/#breadcrumb\",\"itemListElement\":[{\"@type\":\"ListItem\",\"position\":1,\"name\":\"Portada\",\"item\":\"http:\/\/www.elmajadaldelasfrancas.com\/\"},{\"@type\":\"ListItem\",\"position\":2,\"name\":\"Pol\u00edtica de cookies\"}]},{\"@type\":\"WebSite\",\"@id\":\"http:\/\/www.elmajadaldelasfrancas.com\/#website\",\"url\":\"http:\/\/www.elmajadaldelasfrancas.com\/\",\"name\":\"Finca Las Francas\",\"description\":\"\",\"publisher\":{\"@id\":\"http:\/\/www.elmajadaldelasfrancas.com\/#organization\"},\"potentialAction\":[{\"@type\":\"SearchAction\",\"target\":{\"@type\":\"EntryPoint\",\"urlTemplate\":\"http:\/\/www.elmajadaldelasfrancas.com\/?s={search_term_string}\"},\"query-input\":\"required name=search_term_string\"}],\"inLanguage\":\"en-US\"},{\"@type\":\"Organization\",\"@id\":\"http:\/\/www.elmajadaldelasfrancas.com\/#organization\",\"name\":\"Finca las francas\",\"url\":\"http:\/\/www.elmajadaldelasfrancas.com\/\",\"logo\":{\"@type\":\"ImageObject\",\"inLanguage\":\"en-US\",\"@id\":\"http:\/\/www.elmajadaldelasfrancas.com\/#\/schema\/logo\/image\/\",\"url\":\"http:\/\/www.elmajadaldelasfrancas.com\/wp-content\/uploads\/2017\/10\/logo_francas.jpg\",\"contentUrl\":\"http:\/\/www.elmajadaldelasfrancas.com\/wp-content\/uploads\/2017\/10\/logo_francas.jpg\",\"width\":241,\"height\":79,\"caption\":\"Finca las francas\"},\"image\":{\"@id\":\"http:\/\/www.elmajadaldelasfrancas.com\/#\/schema\/logo\/image\/\"}}]}<\/script>\n<!-- \/ Yoast SEO plugin. -->","yoast_head_json":{"title":"Pol\u00edtica de cookies - Finca Las Francas","robots":{"index":"index","follow":"follow","max-snippet":"max-snippet:-1","max-image-preview":"max-image-preview:large","max-video-preview":"max-video-preview:-1"},"canonical":"http:\/\/www.elmajadaldelasfrancas.com\/politica-de-cookies\/","og_locale":"en_US","og_type":"article","og_title":"Pol\u00edtica de cookies - Finca Las Francas","og_description":"[vc_row][vc_column][vc_column_text css=&#8221;.vc_custom_1513338118156{margin-bottom: 0px !important;}&#8221;] Una cookie es un peque\u00f1o fichero de texto que se almacena en su navegador cuando visita casi cualquier p\u00e1gina web. Su utilidad es que la web sea capaz de recordar su visita cuando vuelva a navegar por esa p\u00e1gina. Las cookies suelen almacenar informaci\u00f3n de car\u00e1cter t\u00e9cnico, preferencias personales, personalizaci\u00f3n de [&hellip;]","og_url":"http:\/\/www.elmajadaldelasfrancas.com\/politica-de-cookies\/","og_site_name":"Finca Las Francas","twitter_card":"summary_large_image","twitter_misc":{"Est. reading time":"3 minutes"},"schema":{"@context":"https:\/\/schema.org","@graph":[{"@type":"WebPage","@id":"http:\/\/www.elmajadaldelasfrancas.com\/politica-de-cookies\/","url":"http:\/\/www.elmajadaldelasfrancas.com\/politica-de-cookies\/","name":"Pol\u00edtica de cookies - Finca Las Francas","isPartOf":{"@id":"http:\/\/www.elmajadaldelasfrancas.com\/#website"},"datePublished":"2017-12-15T11:42:08+00:00","dateModified":"2017-12-15T11:42:08+00:00","breadcrumb":{"@id":"http:\/\/www.elmajadaldelasfrancas.com\/politica-de-cookies\/#breadcrumb"},"inLanguage":"en-US","potentialAction":[{"@type":"ReadAction","target":["http:\/\/www.elmajadaldelasfrancas.com\/politica-de-cookies\/"]}]},{"@type":"BreadcrumbList","@id":"http:\/\/www.elmajadaldelasfrancas.com\/politica-de-cookies\/#breadcrumb","itemListElement":[{"@type":"ListItem","position":1,"name":"Portada","item":"http:\/\/www.elmajadaldelasfrancas.com\/"},{"@type":"ListItem","position":2,"name":"Pol\u00edtica de cookies"}]},{"@type":"WebSite","@id":"http:\/\/www.elmajadaldelasfrancas.com\/#website","url":"http:\/\/www.elmajadaldelasfrancas.com\/","name":"Finca Las Francas","description":"","publisher":{"@id":"http:\/\/www.elmajadaldelasfrancas.com\/#organization"},"potentialAction":[{"@type":"SearchAction","target":{"@type":"EntryPoint","urlTemplate":"http:\/\/www.elmajadaldelasfrancas.com\/?s={search_term_string}"},"query-input":"required name=search_term_string"}],"inLanguage":"en-US"},{"@type":"Organization","@id":"http:\/\/www.elmajadaldelasfrancas.com\/#organization","name":"Finca las francas","url":"http:\/\/www.elmajadaldelasfrancas.com\/","logo":{"@type":"ImageObject","inLanguage":"en-US","@id":"http:\/\/www.elmajadaldelasfrancas.com\/#\/schema\/logo\/image\/","url":"http:\/\/www.elmajadaldelasfrancas.com\/wp-content\/uploads\/2017\/10\/logo_francas.jpg","contentUrl":"http:\/\/www.elmajadaldelasfrancas.com\/wp-content\/uploads\/2017\/10\/logo_francas.jpg","width":241,"height":79,"caption":"Finca las francas"},"image":{"@id":"http:\/\/www.elmajadaldelasfrancas.com\/#\/schema\/logo\/image\/"}}]}},"_links":{"self":[{"href":"http:\/\/www.elmajadaldelasfrancas.com\/en\/wp-json\/wp\/v2\/pages\/407"}],"collection":[{"href":"http:\/\/www.elmajadaldelasfrancas.com\/en\/wp-json\/wp\/v2\/pages"}],"about":[{"href":"http:\/\/www.elmajadaldelasfrancas.com\/en\/wp-json\/wp\/v2\/types\/page"}],"author":[{"embeddable":true,"href":"http:\/\/www.elmajadaldelasfrancas.com\/en\/wp-json\/wp\/v2\/users\/1"}],"replies":[{"embeddable":true,"href":"http:\/\/www.elmajadaldelasfrancas.com\/en\/wp-json\/wp\/v2\/comments?post=407"}],"version-history":[{"count":0,"href":"http:\/\/www.elmajadaldelasfrancas.com\/en\/wp-json\/wp\/v2\/pages\/407\/revisions"}],"wp:attachment":[{"href":"http:\/\/www.elmajadaldelasfrancas.com\/en\/wp-json\/wp\/v2\/media?parent=407"}],"curies":[{"name":"wp","href":"https:\/\/api.w.org\/{rel}","templated":true}]}}